{"id":4238,"date":"2017-03-02T14:15:52","date_gmt":"2017-03-02T14:15:52","guid":{"rendered":"https:\/\/cansearch.ch\/en\/fondation\/nous-faire-connaitre\/benevoles\/"},"modified":"2024-04-11T13:18:38","modified_gmt":"2024-04-11T13:18:38","slug":"benevoles","status":"publish","type":"page","link":"https:\/\/pay.cansearch.ch\/en\/fondation\/benevoles\/","title":{"rendered":"Operational Team"},"content":{"rendered":"<div class=\"fusion-fullwidth fullwidth-box fusion-builder-row-1 hundred-percent-fullwidth non-hundred-percent-height-scrolling\" style=\"--awb-border-radius-top-left:0px;--awb-border-radius-top-right:0px;--awb-border-radius-bottom-right:0px;--awb-border-radius-bottom-left:0px;--awb-overflow:visible;--awb-flex-wrap:wrap;\" ><div class=\"fusion-builder-row fusion-row\"><div class=\"fusion-layout-column fusion_builder_column fusion-builder-column-0 fusion_builder_column_5_6 5_6 fusion-five-sixth fusion-column-first\" style=\"--awb-bg-size:cover;width:82.6666%; margin-right: 4%;\" data-scroll-devices=\"small-visibility,medium-visibility,large-visibility\"><div class=\"fusion-column-wrapper fusion-column-has-shadow fusion-flex-column-wrapper-legacy\"><div class=\"fusion-text fusion-text-1\"><p><strong><span style=\"color: #ff9900;\">Administration<\/span><\/strong><\/p>\n<p>The office of the CANSEARCH Foundation is made up of three posts with a total staffing level of 210%: a General Secretary, an Administrative and Financial Manager and a Projects and Donors Officer. The team is reinforced by three competent volunteers who are involved on a weekly basis.<\/p>\n<\/div><div class=\"fusion-image-carousel fusion-image-carousel-auto fusion-image-carousel-1\"><div class=\"awb-carousel awb-swiper awb-swiper-carousel awb-carousel--carousel awb-swiper-dots-position-bottom\" data-layout=\"carousel\" data-autoplay=\"no\" data-autoplayspeed=\"2500\" data-autoplaypause=\"no\" data-loop=\"yes\" data-columns=\"3\" data-columnsmedium=\"1\" data-columnssmall=\"1\" data-itemmargin=\"10\" data-itemwidth=\"180\" data-touchscroll=\"no\" data-freemode=\"no\" data-imagesize=\"auto\" data-scrollitems=\"1\" data-centeredslides=\"no\" data-rotationangle=\"50\" data-depth=\"100\" data-speed=\"500\" data-shadow=\"no\" data-pagination=\"bullets\" style=\"--awb-columns:3;--awb-column-spacing:10px;--awb-caption-title-color:#dbdbdb;--awb-caption-title-size:24px;--awb-caption-title-transform:capitalize;--awb-caption-title-line-height:1.5;--awb-caption-title-letter-spacing:-0.02em;--awb-caption-text-color:var(--awb-color6);--awb-caption-text-size:20px;--awb-caption-text-transform:var(--awb-typography2-text-transform);--awb-caption-text-line-height:1.4;--awb-caption-text-letter-spacing:0.02em;--awb-caption-overlay-color:#141414;--awb-caption-title-font-family:&quot;Inter&quot;;--awb-caption-title-font-style:normal;--awb-caption-title-font-weight:400;--awb-caption-text-font-family:&quot;Oswald&quot;;--awb-caption-text-font-style:normal;--awb-caption-text-font-weight:400;\"><div class=\"swiper-wrapper awb-image-carousel-wrapper fusion-flex-align-items-center\"><div class=\"swiper-slide\"><div class=\"fusion-carousel-item-wrapper\"><div class=\"fusion-image-wrapper awb-imageframe-style awb-imageframe-style-navin\"><a href=\"https:\/\/pay.cansearch.ch\/en\/valerie-fr\/\" target=\"_blank\" rel=\"noopener noreferrer\"><img decoding=\"async\" width=\"444\" height=\"345\" src=\"https:\/\/pay.cansearch.ch\/wp-content\/uploads\/2022\/11\/STECK-Famille_PP_CL_ALS_4409_OF_LOGO_24x30-e1712649135520.jpg\" class=\"attachment-full size-full\" alt=\"\" \/><div class=\"awb-imageframe-caption-container\"><div class=\"awb-imageframe-caption\"><h2 class=\"awb-imageframe-caption-title\">Val\u00e9rie STECK<\/h2><p class=\"awb-imageframe-caption-text\">Secr\u00e9taire G\u00e9n\u00e9rale<\/p><\/div><\/div><\/a><\/div><\/div><\/div><div class=\"swiper-slide\"><div class=\"fusion-carousel-item-wrapper\"><div class=\"fusion-image-wrapper awb-imageframe-style awb-imageframe-style-navin\"><a href=\"https:\/\/pay.cansearch.ch\/en\/than-fr\/\" target=\"_blank\" rel=\"noopener noreferrer\"><img decoding=\"async\" width=\"1192\" height=\"795\" src=\"https:\/\/pay.cansearch.ch\/wp-content\/uploads\/2024\/04\/NR_DSF1288.jpg\" class=\"attachment-full size-full\" alt=\"\" srcset=\"https:\/\/pay.cansearch.ch\/wp-content\/uploads\/2024\/04\/NR_DSF1288-200x133.jpg 200w, https:\/\/pay.cansearch.ch\/wp-content\/uploads\/2024\/04\/NR_DSF1288-400x267.jpg 400w, https:\/\/pay.cansearch.ch\/wp-content\/uploads\/2024\/04\/NR_DSF1288-600x400.jpg 600w, https:\/\/pay.cansearch.ch\/wp-content\/uploads\/2024\/04\/NR_DSF1288-800x534.jpg 800w, https:\/\/pay.cansearch.ch\/wp-content\/uploads\/2024\/04\/NR_DSF1288.jpg 1192w\" sizes=\"(min-width: 2200px) 100vw, (min-width: 824px) 460px, (min-width: 732px) 690px, (min-width: 640px) 732px, \" \/><div class=\"awb-imageframe-caption-container\"><div class=\"awb-imageframe-caption\"><h2 class=\"awb-imageframe-caption-title\">Thanh MAI THI NGOC<\/h2><p class=\"awb-imageframe-caption-text\">Responsable Administrative et Financi\u00e8re<\/p><\/div><\/div><\/a><\/div><\/div><\/div><div class=\"swiper-slide\"><div class=\"fusion-carousel-item-wrapper\"><div class=\"fusion-image-wrapper awb-imageframe-style awb-imageframe-style-navin\"><a href=\"https:\/\/pay.cansearch.ch\/en\/florence-fr\/\" target=\"_blank\" rel=\"noopener noreferrer\"><img decoding=\"async\" width=\"2384\" height=\"1590\" src=\"https:\/\/pay.cansearch.ch\/wp-content\/uploads\/2024\/04\/NR_DSF1178.jpg\" class=\"attachment-full size-full\" alt=\"\" srcset=\"https:\/\/pay.cansearch.ch\/wp-content\/uploads\/2024\/04\/NR_DSF1178-200x133.jpg 200w, https:\/\/pay.cansearch.ch\/wp-content\/uploads\/2024\/04\/NR_DSF1178-400x267.jpg 400w, https:\/\/pay.cansearch.ch\/wp-content\/uploads\/2024\/04\/NR_DSF1178-600x400.jpg 600w, https:\/\/pay.cansearch.ch\/wp-content\/uploads\/2024\/04\/NR_DSF1178-800x534.jpg 800w, https:\/\/pay.cansearch.ch\/wp-content\/uploads\/2024\/04\/NR_DSF1178-1200x800.jpg 1200w, https:\/\/pay.cansearch.ch\/wp-content\/uploads\/2024\/04\/NR_DSF1178.jpg 2384w\" sizes=\"(min-width: 2200px) 100vw, (min-width: 824px) 460px, (min-width: 732px) 690px, (min-width: 640px) 732px, \" \/><div class=\"awb-imageframe-caption-container\"><div class=\"awb-imageframe-caption\"><h2 class=\"awb-imageframe-caption-title\">Florence SCHMIDT<\/h2><p class=\"awb-imageframe-caption-text\">Charg\u00e9e de projets et donateurs<\/p><\/div><\/div><\/a><\/div><\/div><\/div><\/div><\/div><\/div><div class=\"fusion-clearfix\"><\/div><\/div><\/div><div class=\"fusion-layout-column fusion_builder_column fusion-builder-column-1 fusion_builder_column_5_6 5_6 fusion-five-sixth fusion-column-last\" style=\"--awb-bg-size:cover;\"><div class=\"fusion-column-wrapper fusion-flex-column-wrapper-legacy\"><div class=\"fusion-text fusion-text-2\"><p><strong><span style=\"color: #ff9900;\">Our Volunteers<\/span><\/strong><\/p>\n<p>The CANSEARCH Foundation is fortunate to be able to rely on the loyalty and skills of many volunteers, enabling it to minimize its operating costs and to focus on costs and investments related to scientific research.<\/p>\n<\/div><div class=\"fusion-image-carousel fusion-image-carousel-auto fusion-image-carousel-2\"><div class=\"awb-carousel awb-swiper awb-swiper-carousel awb-carousel--carousel awb-swiper-dots-position-bottom\" data-layout=\"carousel\" data-autoplay=\"no\" data-autoplayspeed=\"2500\" data-autoplaypause=\"no\" data-loop=\"yes\" data-columns=\"3\" data-columnsmedium=\"1\" data-columnssmall=\"1\" data-itemmargin=\"10\" data-itemwidth=\"180\" data-touchscroll=\"no\" data-freemode=\"no\" data-imagesize=\"auto\" data-scrollitems=\"1\" data-centeredslides=\"no\" data-rotationangle=\"50\" data-depth=\"100\" data-speed=\"500\" data-shadow=\"no\" data-pagination=\"bullets\" style=\"--awb-columns:3;--awb-column-spacing:10px;--awb-caption-title-color:#dbdbdb;--awb-caption-title-size:24px;--awb-caption-title-transform:capitalize;--awb-caption-title-line-height:1.5;--awb-caption-title-letter-spacing:-0.02em;--awb-caption-text-color:var(--awb-color6);--awb-caption-text-size:20px;--awb-caption-text-transform:var(--awb-typography2-text-transform);--awb-caption-text-line-height:1.4;--awb-caption-text-letter-spacing:0.02em;--awb-caption-overlay-color:#141414;--awb-caption-title-font-family:&quot;Inter&quot;;--awb-caption-title-font-style:normal;--awb-caption-title-font-weight:400;--awb-caption-text-font-family:&quot;Oswald&quot;;--awb-caption-text-font-style:normal;--awb-caption-text-font-weight:400;\"><div class=\"swiper-wrapper awb-image-carousel-wrapper fusion-flex-align-items-center\"><div class=\"swiper-slide\"><div class=\"fusion-carousel-item-wrapper\"><div class=\"fusion-image-wrapper awb-imageframe-style awb-imageframe-style-navin\"><a href=\"https:\/\/pay.cansearch.ch\/en\/alix-fr\/\" target=\"_blank\" rel=\"noopener noreferrer\"><img decoding=\"async\" width=\"2560\" height=\"2551\" src=\"https:\/\/pay.cansearch.ch\/wp-content\/uploads\/2021\/01\/IMG_5923-scaled-e1712658397287.jpg\" class=\"attachment-full size-full\" alt=\"\" \/><div class=\"awb-imageframe-caption-container\"><div class=\"awb-imageframe-caption\"><h2 class=\"awb-imageframe-caption-title\">Alix RIVOIRE<\/h2><p class=\"awb-imageframe-caption-text\">B\u00e9n\u00e9vole<\/p><\/div><\/div><\/a><\/div><\/div><\/div><div class=\"swiper-slide\"><div class=\"fusion-carousel-item-wrapper\"><div class=\"fusion-image-wrapper awb-imageframe-style awb-imageframe-style-navin\"><a href=\"https:\/\/pay.cansearch.ch\/en\/cathy-fr-2\/\" target=\"_blank\" rel=\"noopener noreferrer\"><img decoding=\"async\" width=\"178\" height=\"178\" src=\"https:\/\/pay.cansearch.ch\/wp-content\/uploads\/2021\/02\/D-GVqdvg-e1712658877980.jpeg\" class=\"attachment-full size-full\" alt=\"https:\/\/pay.cansearch.ch\/administration-fr\/\" \/><div class=\"awb-imageframe-caption-container\"><div class=\"awb-imageframe-caption\"><h2 class=\"awb-imageframe-caption-title\">Cathy WINTSCH<\/h2><p class=\"awb-imageframe-caption-text\">B\u00e9n\u00e9vole<\/p><\/div><\/div><\/a><\/div><\/div><\/div><\/div><\/div><\/div><div class=\"fusion-clearfix\"><\/div><\/div><\/div><div class=\"fusion-layout-column fusion_builder_column fusion-builder-column-2 fusion_builder_column_5_6 5_6 fusion-five-sixth fusion-column-first\" style=\"--awb-bg-size:cover;width:82.6666%; margin-right: 4%;\"><div class=\"fusion-column-wrapper fusion-flex-column-wrapper-legacy\"><div class=\"fusion-text fusion-text-3\"><p class=\"s3\"><span class=\"s4\">A big thank you to all our <\/span><span class=\"s4\">volunteers &nbsp;who<\/span><span class=\"s4\"> give us their precious time to do various tasks for us! Thank you!<\/span><\/p>\n<p class=\"s3\"><span class=\"s4\">Please contact us if you would like to help or promote the CANSEARCH Foundation by creating or animating your own Action Group.<\/span><\/p>\n<\/div><div class=\"fusion-clearfix\"><\/div><\/div><\/div><\/div><\/div>\n","protected":false},"excerpt":{"rendered":"","protected":false},"author":1,"featured_media":0,"parent":3569,"menu_order":5,"comment_status":"closed","ping_status":"closed","template":"side-navigation.php","meta":{"ngg_post_thumbnail":0,"footnotes":"","_links_to":"","_links_to_target":""},"class_list":["post-4238","page","type-page","status-publish","hentry"],"aioseo_notices":[],"_links":{"self":[{"href":"https:\/\/pay.cansearch.ch\/en\/wp-json\/wp\/v2\/pages\/4238","targetHints":{"allow":["GET"]}}],"collection":[{"href":"https:\/\/pay.cansearch.ch\/en\/wp-json\/wp\/v2\/pages"}],"about":[{"href":"https:\/\/pay.cansearch.ch\/en\/wp-json\/wp\/v2\/types\/page"}],"author":[{"embeddable":true,"href":"https:\/\/pay.cansearch.ch\/en\/wp-json\/wp\/v2\/users\/1"}],"replies":[{"embeddable":true,"href":"https:\/\/pay.cansearch.ch\/en\/wp-json\/wp\/v2\/comments?post=4238"}],"version-history":[{"count":11,"href":"https:\/\/pay.cansearch.ch\/en\/wp-json\/wp\/v2\/pages\/4238\/revisions"}],"predecessor-version":[{"id":14549,"href":"https:\/\/pay.cansearch.ch\/en\/wp-json\/wp\/v2\/pages\/4238\/revisions\/14549"}],"up":[{"embeddable":true,"href":"https:\/\/pay.cansearch.ch\/en\/wp-json\/wp\/v2\/pages\/3569"}],"wp:attachment":[{"href":"https:\/\/pay.cansearch.ch\/en\/wp-json\/wp\/v2\/media?parent=4238"}],"curies":[{"name":"wp","href":"https:\/\/api.w.org\/{rel}","templated":true}]}}