{"id":9270,"date":"2021-01-13T12:20:09","date_gmt":"2021-01-13T12:20:09","guid":{"rendered":"https:\/\/cansearch.ch\/2021-2\/"},"modified":"2025-11-24T16:52:30","modified_gmt":"2025-11-24T16:52:30","slug":"soiree-2024","status":"publish","type":"page","link":"https:\/\/pay.cansearch.ch\/de\/galaabend\/soiree-2024\/","title":{"rendered":"2024"},"content":{"rendered":"<p><div class=\"fusion-fullwidth fullwidth-box fusion-builder-row-1 fusion-flex-container nonhundred-percent-fullwidth non-hundred-percent-height-scrolling\" style=\"--awb-border-radius-top-left:0px;--awb-border-radius-top-right:0px;--awb-border-radius-bottom-right:0px;--awb-border-radius-bottom-left:0px;--awb-flex-wrap:wrap;\" ><div class=\"fusion-builder-row fusion-row fusion-flex-align-items-flex-start fusion-flex-content-wrap\" style=\"max-width:1456px;margin-left: calc(-4% \/ 2 );margin-right: calc(-4% \/ 2 );\"><div class=\"fusion-layout-column fusion_builder_column fusion-builder-column-0 fusion_builder_column_2_3 2_3 fusion-flex-column\" style=\"--awb-bg-size:cover;--awb-width-large:66.666666666667%;--awb-margin-top-large:0px;--awb-spacing-right-large:2.88%;--awb-margin-bottom-large:20px;--awb-spacing-left-large:2.88%;--awb-width-medium:100%;--awb-order-medium:0;--awb-spacing-right-medium:1.92%;--awb-spacing-left-medium:1.92%;--awb-width-small:100%;--awb-order-small:0;--awb-spacing-right-small:1.92%;--awb-spacing-left-small:1.92%;\"><div class=\"fusion-column-wrapper fusion-column-has-shadow fusion-flex-justify-content-flex-start fusion-content-layout-column\"><div class=\"fusion-text fusion-text-1\"><p>Wir m\u00f6chten Ihnen aufrichtig f\u00fcr Ihre unglaubliche Unterst\u00fctzung bei unserem Gala-Abend am Donnerstag danken. Ihre Gro\u00dfz\u00fcgigkeit und Anwesenheit haben diese Veranstaltung zu einem echten Erfolg gemacht.<\/p>\n<p>Wir informieren Sie, dass die Ergebnisse der Tombola am Dienstag, den <strong>1. Oktober<\/strong>, auf dieser Website ver\u00f6ffentlicht werden und die Fotos bis Ende der Woche verf\u00fcgbar sind.<\/p>\n<p>Nochmals ein gro\u00dfes Dankesch\u00f6n f\u00fcr Ihre Unterst\u00fctzung!<\/p>\n<\/div><\/div><\/div><div class=\"fusion-layout-column fusion_builder_column fusion-builder-column-1 fusion_builder_column_1_3 1_3 fusion-flex-column\" style=\"--awb-bg-size:cover;--awb-width-large:33.333333333333%;--awb-margin-top-large:0px;--awb-spacing-right-large:5.76%;--awb-margin-bottom-large:20px;--awb-spacing-left-large:5.76%;--awb-width-medium:100%;--awb-order-medium:0;--awb-spacing-right-medium:1.92%;--awb-spacing-left-medium:1.92%;--awb-width-small:100%;--awb-order-small:0;--awb-spacing-right-small:1.92%;--awb-spacing-left-small:1.92%;\"><div class=\"fusion-column-wrapper fusion-column-has-shadow fusion-flex-justify-content-flex-start fusion-content-layout-column\"><\/div><\/div><\/div><\/div><div class=\"fusion-fullwidth fullwidth-box fusion-builder-row-2 fusion-flex-container has-pattern-background has-mask-background nonhundred-percent-fullwidth non-hundred-percent-height-scrolling\" style=\"--awb-border-radius-top-left:0px;--awb-border-radius-top-right:0px;--awb-border-radius-bottom-right:0px;--awb-border-radius-bottom-left:0px;--awb-flex-wrap:wrap;\" ><div class=\"fusion-builder-row fusion-row fusion-flex-align-items-flex-start fusion-flex-content-wrap\" style=\"max-width:1456px;margin-left: calc(-4% \/ 2 );margin-right: calc(-4% \/ 2 );\"><div class=\"fusion-layout-column fusion_builder_column fusion-builder-column-2 fusion_builder_column_1_1 1_1 fusion-flex-column\" style=\"--awb-bg-size:cover;--awb-width-large:100%;--awb-margin-top-large:0px;--awb-spacing-right-large:1.92%;--awb-margin-bottom-large:20px;--awb-spacing-left-large:1.92%;--awb-width-medium:100%;--awb-order-medium:0;--awb-spacing-right-medium:1.92%;--awb-spacing-left-medium:1.92%;--awb-width-small:100%;--awb-order-small:0;--awb-spacing-right-small:1.92%;--awb-spacing-left-small:1.92%;\"><div class=\"fusion-column-wrapper fusion-column-has-shadow fusion-flex-justify-content-flex-start fusion-content-layout-column\"><\/div><\/div><\/div><\/div><\/p>\n","protected":false},"excerpt":{"rendered":"","protected":false},"author":14,"featured_media":0,"parent":9322,"menu_order":5,"comment_status":"closed","ping_status":"closed","template":"side-navigation.php","meta":{"ngg_post_thumbnail":0,"footnotes":"","_links_to":"","_links_to_target":""},"class_list":["post-9270","page","type-page","status-publish","hentry"],"aioseo_notices":[],"_links":{"self":[{"href":"https:\/\/pay.cansearch.ch\/de\/wp-json\/wp\/v2\/pages\/9270","targetHints":{"allow":["GET"]}}],"collection":[{"href":"https:\/\/pay.cansearch.ch\/de\/wp-json\/wp\/v2\/pages"}],"about":[{"href":"https:\/\/pay.cansearch.ch\/de\/wp-json\/wp\/v2\/types\/page"}],"author":[{"embeddable":true,"href":"https:\/\/pay.cansearch.ch\/de\/wp-json\/wp\/v2\/users\/14"}],"replies":[{"embeddable":true,"href":"https:\/\/pay.cansearch.ch\/de\/wp-json\/wp\/v2\/comments?post=9270"}],"version-history":[{"count":33,"href":"https:\/\/pay.cansearch.ch\/de\/wp-json\/wp\/v2\/pages\/9270\/revisions"}],"predecessor-version":[{"id":15900,"href":"https:\/\/pay.cansearch.ch\/de\/wp-json\/wp\/v2\/pages\/9270\/revisions\/15900"}],"up":[{"embeddable":true,"href":"https:\/\/pay.cansearch.ch\/de\/wp-json\/wp\/v2\/pages\/9322"}],"wp:attachment":[{"href":"https:\/\/pay.cansearch.ch\/de\/wp-json\/wp\/v2\/media?parent=9270"}],"curies":[{"name":"wp","href":"https:\/\/api.w.org\/{rel}","templated":true}]}}