{"id":14718,"date":"2024-04-16T19:37:13","date_gmt":"2024-04-16T19:37:13","guid":{"rendered":"https:\/\/cansearch.ch\/?page_id=14718"},"modified":"2024-04-16T19:37:46","modified_gmt":"2024-04-16T19:37:46","slug":"organisationskomitee","status":"publish","type":"page","link":"https:\/\/pay.cansearch.ch\/de\/galaabend\/soiree-2024\/organisationskomitee\/","title":{"rendered":"Organisationskomitee"},"content":{"rendered":"<p>Die CANSEARCH-Stiftung hat das Gl\u00fcck, auf die unsch\u00e4tzbare und effiziente Unterst\u00fctzung ihres Organisationskomitees f\u00fcr die Wohlt\u00e4tigkeitsabende z\u00e4hlen zu k\u00f6nnen. Ihre Aufgabe besteht darin, die Hauptthemen des Abends zu definieren, Sponsoren zu finden und Preise f\u00fcr die Versteigerung und Tombola zu beschaffen. Sie sorgen auch daf\u00fcr, dass die Veranstaltung vor, w\u00e4hrend und nach dem Abend reibungslos abl\u00e4uft.<\/p>\n<p>Alix Rivoire<br \/>\nCathy Wintsch<br \/>\nGian Cla Pinosch<br \/>\nStephanie Ansari<\/p>\n","protected":false},"excerpt":{"rendered":"<p>Die CANSEARCH-Stiftung hat das Gl\u00fcck, auf die unsch\u00e4tzbare und effiziente Unterst\u00fctzung ihres Organisationskomitees f\u00fcr die Wohlt\u00e4tigkeitsabende z\u00e4hlen zu k\u00f6nnen. Ihre Aufgabe besteht darin, die Hauptthemen des Abends zu definieren, Sponsoren zu finden und Preise f\u00fcr die Versteigerung und Tombola zu beschaffen. Sie sorgen auch daf\u00fcr, dass die Veranstaltung vor, w\u00e4hrend und nach dem Abend reibungslos abl\u00e4uft. Alix Rivoire Cathy Wintsch Gian Cla Pinosch Stephanie Ansari<\/p>\n","protected":false},"author":14,"featured_media":0,"parent":9270,"menu_order":5,"comment_status":"closed","ping_status":"closed","template":"side-navigation.php","meta":{"ngg_post_thumbnail":0,"footnotes":"","_links_to":"","_links_to_target":""},"class_list":["post-14718","page","type-page","status-publish","hentry"],"aioseo_notices":[],"_links":{"self":[{"href":"https:\/\/pay.cansearch.ch\/de\/wp-json\/wp\/v2\/pages\/14718","targetHints":{"allow":["GET"]}}],"collection":[{"href":"https:\/\/pay.cansearch.ch\/de\/wp-json\/wp\/v2\/pages"}],"about":[{"href":"https:\/\/pay.cansearch.ch\/de\/wp-json\/wp\/v2\/types\/page"}],"author":[{"embeddable":true,"href":"https:\/\/pay.cansearch.ch\/de\/wp-json\/wp\/v2\/users\/14"}],"replies":[{"embeddable":true,"href":"https:\/\/pay.cansearch.ch\/de\/wp-json\/wp\/v2\/comments?post=14718"}],"version-history":[{"count":2,"href":"https:\/\/pay.cansearch.ch\/de\/wp-json\/wp\/v2\/pages\/14718\/revisions"}],"predecessor-version":[{"id":14720,"href":"https:\/\/pay.cansearch.ch\/de\/wp-json\/wp\/v2\/pages\/14718\/revisions\/14720"}],"up":[{"embeddable":true,"href":"https:\/\/pay.cansearch.ch\/de\/wp-json\/wp\/v2\/pages\/9270"}],"wp:attachment":[{"href":"https:\/\/pay.cansearch.ch\/de\/wp-json\/wp\/v2\/media?parent=14718"}],"curies":[{"name":"wp","href":"https:\/\/api.w.org\/{rel}","templated":true}]}}