{"id":14569,"date":"2024-04-09T13:08:14","date_gmt":"2024-04-09T13:08:14","guid":{"rendered":"https:\/\/cansearch.ch\/than-fr\/"},"modified":"2024-04-11T13:38:59","modified_gmt":"2024-04-11T13:38:59","slug":"than-fr","status":"publish","type":"page","link":"https:\/\/pay.cansearch.ch\/de\/than-fr\/","title":{"rendered":"Than German"},"content":{"rendered":"<div class=\"fusion-fullwidth fullwidth-box fusion-builder-row-1 fusion-flex-container has-pattern-background has-mask-background nonhundred-percent-fullwidth non-hundred-percent-height-scrolling\" style=\"--awb-border-radius-top-left:0px;--awb-border-radius-top-right:0px;--awb-border-radius-bottom-right:0px;--awb-border-radius-bottom-left:0px;--awb-flex-wrap:wrap;\" ><div class=\"fusion-builder-row fusion-row fusion-flex-align-items-flex-start fusion-flex-content-wrap\" style=\"max-width:1456px;margin-left: calc(-4% \/ 2 );margin-right: calc(-4% \/ 2 );\"><div class=\"fusion-layout-column fusion_builder_column fusion-builder-column-0 fusion_builder_column_3_4 3_4 fusion-flex-column\" style=\"--awb-bg-size:cover;--awb-width-large:75%;--awb-margin-top-large:0px;--awb-spacing-right-large:2.56%;--awb-margin-bottom-large:20px;--awb-spacing-left-large:2.56%;--awb-width-medium:100%;--awb-order-medium:0;--awb-spacing-right-medium:1.92%;--awb-spacing-left-medium:1.92%;--awb-width-small:100%;--awb-order-small:0;--awb-spacing-right-small:1.92%;--awb-spacing-left-small:1.92%;\"><div class=\"fusion-column-wrapper fusion-column-has-shadow fusion-flex-justify-content-flex-start fusion-content-layout-column\"><div class=\"fusion-testimonials clean awb-speech-bubble-show fusion-testimonials-1\" style=\"--awb-name-company-text-color:#686868;--awb-name-company-font-size:15px;--awb-name-company-line-height:1.5;--awb-name-company-letter-spacing:-0.015em;--awb-name-company-text-transform:var(--awb-typography5-text-transform);--awb-textcolor:#424242;--awb-testimonial-text-font-size:17px;--awb-testimonial-text-line-height:1.8;--awb-testimonial-text-letter-spacing:-0.015em;--awb-testimonial-text-text-transform:var(--awb-typography4-text-transform);--awb-backgroundcolor:#f9f6f1;--awb-margin-top:0px;--awb-margin-right:0px;--awb-margin-bottom:0px;--awb-margin-left:0px;--awb-testimonial-border-style:dashed;--awb-testimonial-border-color:#d4d0c9;--awb-navigation-size:8px;--awb-navigation-color:#dd4646;--awb-border-top-left-radius:20px;--awb-border-top-right-radius:20px;--awb-border-bottom-left-radius:20px;--awb-border-bottom-right-radius:20px;--testimonial-border-width-top:1px;--testimonial-border-width-right:1px;--testimonial-border-width-bottom:1px;--testimonial-border-width-left:1px;--awb-testimonial-text-font-family:&quot;Inter&quot;;--awb-testimonial-text-font-style:normal;--awb-testimonial-text-font-weight:400;--awb-name-company-font-family:&quot;Inter&quot;;--awb-name-company-font-style:normal;--awb-name-company-font-weight:400;\" data-random=\"0\" data-speed=\"4000\"><div class=\"reviews\"><div class=\"review active-testimonial avatar-above avatar-image\" style=\"--awb-avatar-size:80px;\"><div class=\"testimonial-thumbnail\"><img decoding=\"async\" class=\"testimonial-image\" src=\"https:\/\/pay.cansearch.ch\/wp-content\/uploads\/2024\/04\/NR_DSF1288.jpg\" width=\"1192\" height=\"795\" style=\"--awb-border-radius:20px;\" \/><\/div><blockquote class=\"testimonials-shortcode-blockquote\"><div class=\"awb-quote\"><div class=\"awb-quote-content\">\n<p style=\"text-align: center;\">Thanh MAI THI NGOC&nbsp;<br \/>\nLeiterin Verwaltung und Finanzen<br \/>\n+41 78 259 00 89 \/ <a href=\"mailto:thanh@pay.cansearch.ch\">thanh@pay.cansearch.ch<\/a><\/p>\n<p style=\"text-align: left;\">Thanh ist geb\u00fcrtige Vietnamesin. Sie hat ihre gesamte Schulzeit in Genf gemacht und an der Universit\u00e4t Genf einen Master in Soziologie erhalten.<\/p>\n<p>Mehrere Jahre lang arbeitete sie im Bereich des operativen Marketings in Lausanne. Sie begann als Leiterin des Au\u00dfendiensts f\u00fcr die Westschweiz und wurde sp\u00e4ter Projektmanagerin.<\/p>\n<p>Sie sammelte umfangreiche Erfahrungen in den Bereichen Produkteinf\u00fchrung, Verkaufsf\u00f6rderung, Merchandising und Veranstaltungsorganisation, sei es auf nationaler oder internationaler Ebene.<\/p>\n<p>Sp\u00e4ter wechselte Thanh in den Bereich der internationalen Organisationen und ging zum &#8220;Institut des Hautes Etudes Internationales et du D\u00e9veloppement&#8221; in Genf, wo sie 7 Jahre lang als Verwalterin f\u00fcr mehrere Forschungszentren t\u00e4tig war und auch Fondsmanagerin f\u00fcr Forschungsprojekte.<\/p>\n<p>Dank dieser verschiedenen Berufserfahrungen verf\u00fcgt Thanh \u00fcber solide Kompetenzen in den Bereichen Personal-, Projekt-, Budget-, Verwaltungs-, Logistik- und Veranstaltungsmanagement im akademischen und privaten Sektor.<\/p>\n<p>Sie hat ihre beruflichen Kenntnisse dank Weiterbildungen wie Projektmanagement, Webkommunikation und Buchhaltung ausgebaut.<\/p>\n<\/div><\/div><\/blockquote><div class=\"author\"><span class=\"company-name\"><\/span><\/div><\/div><\/div><\/div><\/div><\/div><\/div><\/div>\n","protected":false},"excerpt":{"rendered":"","protected":false},"author":14,"featured_media":0,"parent":0,"menu_order":0,"comment_status":"closed","ping_status":"closed","template":"side-navigation.php","meta":{"ngg_post_thumbnail":0,"footnotes":"","_links_to":"","_links_to_target":""},"class_list":["post-14569","page","type-page","status-publish","hentry"],"aioseo_notices":[],"_links":{"self":[{"href":"https:\/\/pay.cansearch.ch\/de\/wp-json\/wp\/v2\/pages\/14569","targetHints":{"allow":["GET"]}}],"collection":[{"href":"https:\/\/pay.cansearch.ch\/de\/wp-json\/wp\/v2\/pages"}],"about":[{"href":"https:\/\/pay.cansearch.ch\/de\/wp-json\/wp\/v2\/types\/page"}],"author":[{"embeddable":true,"href":"https:\/\/pay.cansearch.ch\/de\/wp-json\/wp\/v2\/users\/14"}],"replies":[{"embeddable":true,"href":"https:\/\/pay.cansearch.ch\/de\/wp-json\/wp\/v2\/comments?post=14569"}],"version-history":[{"count":3,"href":"https:\/\/pay.cansearch.ch\/de\/wp-json\/wp\/v2\/pages\/14569\/revisions"}],"predecessor-version":[{"id":14675,"href":"https:\/\/pay.cansearch.ch\/de\/wp-json\/wp\/v2\/pages\/14569\/revisions\/14675"}],"wp:attachment":[{"href":"https:\/\/pay.cansearch.ch\/de\/wp-json\/wp\/v2\/media?parent=14569"}],"curies":[{"name":"wp","href":"https:\/\/api.w.org\/{rel}","templated":true}]}}